{"id":13,"date":"2020-06-13T17:59:59","date_gmt":"2020-06-13T15:59:59","guid":{"rendered":"http:\/\/harmonie-neuhaus.de\/wordpress\/?page_id=13"},"modified":"2023-06-13T12:12:42","modified_gmt":"2023-06-13T12:12:42","slug":"neuigkeiten","status":"publish","type":"page","link":"https:\/\/harmonie-neuhaus.de\/wordpress\/neuigkeiten\/","title":{"rendered":"Neuigkeiten"},"content":{"rendered":"\n<ul class=\"wp-block-list\"><\/ul>\n\n\n<ul class=\"wp-block-latest-posts__list has-dates aligncenter wp-block-latest-posts\"><li><a class=\"wp-block-latest-posts__post-title\" href=\"https:\/\/harmonie-neuhaus.de\/wordpress\/hauptversammlung-2026\/\">Hauptversammlung 2026<\/a><time datetime=\"2026-03-15T21:14:27+02:00\" class=\"wp-block-latest-posts__post-date\">15. M\u00e4rz 2026<\/time><div class=\"wp-block-latest-posts__post-excerpt\">Herzliche Einladung zur Jahreshauptversammlung der &#8222;Harmonie Neuhaus&#8220;am Montag, den 20.04.2026&nbsp;um 19 Uhr im Sportheim des TSV Neuhaus. Tagesordnungspunkte:1) Begr\u00fc\u00dfung, Verlesen der Tagesordnung2) Verlesen des Protokolls der Jahreshauptversammlung 20253) Bericht des Vorstands4) Bericht der Chorleiterin5) Bericht des Kassiers6) Bericht der Kassenpr\u00fcfer7) Entlastung des Kassiers und der Vorstandschaft8) Wahl der Vorstandschaft9) Jahresvorschau auf 202610) W\u00fcnsche und\u2026\u00a0<a class=\"wp-block-latest-posts__read-more\" href=\"https:\/\/harmonie-neuhaus.de\/wordpress\/hauptversammlung-2026\/\" rel=\"noopener noreferrer\"><span class=\"screen-reader-text\">Hauptversammlung 2026 <\/span>weiterlesen<\/a><\/div><\/li>\n<li><a class=\"wp-block-latest-posts__post-title\" href=\"https:\/\/harmonie-neuhaus.de\/wordpress\/20-schloss-serenade\/\">20. Schloss-Serenade<\/a><time datetime=\"2025-05-03T09:31:42+02:00\" class=\"wp-block-latest-posts__post-date\">3. Mai 2025<\/time><div class=\"wp-block-latest-posts__post-excerpt\">Vielen Dank an die Sparkasse Erlangen-H\u00f6chstadt f\u00fcr die erneute und gro\u00dfz\u00fcgige F\u00f6rderung der Schloss-Serenade und damit der regionalen s\u00e4ngerischen Kultur!<\/div><\/li>\n<li><a class=\"wp-block-latest-posts__post-title\" href=\"https:\/\/harmonie-neuhaus.de\/wordpress\/hauptversammlung-2025\/\">Hauptversammlung 2025<\/a><time datetime=\"2025-01-30T18:24:07+02:00\" class=\"wp-block-latest-posts__post-date\">30. Januar 2025<\/time><div class=\"wp-block-latest-posts__post-excerpt\">Chor Harmonie Neuhaus Herzliche Einladung zur Jahreshauptversammlung der &#8222;Harmonie Neuhaus&#8220;am Dienstag, den 25.02.2025 um 19 Uhr im Sportheim des TSV Neuhaus. Tagesordnungspunkte:1) Begr\u00fc\u00dfung, Verlesen der Tagesordnung2) Verlesen des Protokolls der Jahreshauptversammlung 20243) Bericht des Vorstands4) Bericht der Chorleiterin5) Bericht des Kassiers6) Bericht der Kassenpr\u00fcfer7) Entlastung des Kassiers und der Vorstandschaft8) Jahresvorschau auf 20259) W\u00fcnsche\u2026\u00a0<a class=\"wp-block-latest-posts__read-more\" href=\"https:\/\/harmonie-neuhaus.de\/wordpress\/hauptversammlung-2025\/\" rel=\"noopener noreferrer\"><span class=\"screen-reader-text\">Hauptversammlung 2025 <\/span>weiterlesen<\/a><\/div><\/li>\n<li><a class=\"wp-block-latest-posts__post-title\" href=\"https:\/\/harmonie-neuhaus.de\/wordpress\/kultur-in-der-kirchenburg\/\">Kultur in der Kirchenburg<\/a><time datetime=\"2024-07-05T21:30:00+02:00\" class=\"wp-block-latest-posts__post-date\">5. Juli 2024<\/time><div class=\"wp-block-latest-posts__post-excerpt\">Wir waren am Freitag 05.07. live auf B\u00fchne 1 beim Festival der Kapellen &amp; Ch\u00f6re in der Kirchenburg Hannberg. Auch wenn sich der Sommernachtstraum nicht f\u00fcr alle erf\u00fcllen konnte, war unser Auftritt doch eine warme Sommernachtsbrise die laut einiger G\u00e4ste sogar das Zeug zum &#8222;sch\u00f6nsten Chorauftritt des Abends&#8220; hatte! Noch ganz beschwingt von der\u2026\u00a0<a class=\"wp-block-latest-posts__read-more\" href=\"https:\/\/harmonie-neuhaus.de\/wordpress\/kultur-in-der-kirchenburg\/\" rel=\"noopener noreferrer\"><span class=\"screen-reader-text\">Kultur in der Kirchenburg <\/span>weiterlesen<\/a><\/div><\/li>\n<li><a class=\"wp-block-latest-posts__post-title\" href=\"https:\/\/harmonie-neuhaus.de\/wordpress\/andacht-7-worte-vom-kreuz\/\">Andacht &#8211; 7 Worte vom Kreuz<\/a><time datetime=\"2024-03-22T20:00:00+02:00\" class=\"wp-block-latest-posts__post-date\">22. M\u00e4rz 2024<\/time><div class=\"wp-block-latest-posts__post-excerpt\">Viele Eindr\u00fccke und Gedanken konnten wir beim Chormusical &#8222;7 Worte vom Kreuz&#8220; sammeln und haben diese am 22.03.2024 im Rahmen einer musikalischen Andacht in der St. Matth\u00e4us-Kirche Neuhaus mit vielen interessierten Zuschauern geteilt. Es war wirklich bereichernd durch die besonderen Lieder und Botschaften Impulse f\u00fcr die Passionszeit mitnehmen zu d\u00fcrfen. Das historische Ambiente der\u2026\u00a0<a class=\"wp-block-latest-posts__read-more\" href=\"https:\/\/harmonie-neuhaus.de\/wordpress\/andacht-7-worte-vom-kreuz\/\" rel=\"noopener noreferrer\"><span class=\"screen-reader-text\">Andacht &#8211; 7 Worte vom Kreuz <\/span>weiterlesen<\/a><\/div><\/li>\n<\/ul>","protected":false},"excerpt":{"rendered":"","protected":false},"author":2,"featured_media":0,"parent":0,"menu_order":0,"comment_status":"closed","ping_status":"closed","template":"","meta":{"footnotes":""},"class_list":["post-13","page","type-page","status-publish","hentry"],"_links":{"self":[{"href":"https:\/\/harmonie-neuhaus.de\/wordpress\/wp-json\/wp\/v2\/pages\/13","targetHints":{"allow":["GET"]}}],"collection":[{"href":"https:\/\/harmonie-neuhaus.de\/wordpress\/wp-json\/wp\/v2\/pages"}],"about":[{"href":"https:\/\/harmonie-neuhaus.de\/wordpress\/wp-json\/wp\/v2\/types\/page"}],"author":[{"embeddable":true,"href":"https:\/\/harmonie-neuhaus.de\/wordpress\/wp-json\/wp\/v2\/users\/2"}],"replies":[{"embeddable":true,"href":"https:\/\/harmonie-neuhaus.de\/wordpress\/wp-json\/wp\/v2\/comments?post=13"}],"version-history":[{"count":3,"href":"https:\/\/harmonie-neuhaus.de\/wordpress\/wp-json\/wp\/v2\/pages\/13\/revisions"}],"predecessor-version":[{"id":134,"href":"https:\/\/harmonie-neuhaus.de\/wordpress\/wp-json\/wp\/v2\/pages\/13\/revisions\/134"}],"wp:attachment":[{"href":"https:\/\/harmonie-neuhaus.de\/wordpress\/wp-json\/wp\/v2\/media?parent=13"}],"curies":[{"name":"wp","href":"https:\/\/api.w.org\/{rel}","templated":true}]}}